{"id":367,"date":"2018-03-06T19:50:43","date_gmt":"2018-03-06T18:50:43","guid":{"rendered":"https:\/\/aventuriere.ca\/?page_id=367"},"modified":"2025-06-23T13:42:37","modified_gmt":"2025-06-23T17:42:37","slug":"rates","status":"publish","type":"page","link":"https:\/\/aventuriere.ca\/en\/rates\/","title":{"rendered":"Rates"},"content":{"rendered":"","protected":false},"excerpt":{"rendered":"","protected":false},"author":1,"featured_media":0,"parent":0,"menu_order":0,"comment_status":"closed","ping_status":"closed","template":"pages-templates\/tarifs.php","meta":{"_acf_changed":false,"footnotes":""},"class_list":["post-367","page","type-page","status-publish","hentry"],"acf":[],"yoast_head":"<!-- This site is optimized with the Yoast SEO plugin v27.4 - https:\/\/yoast.com\/product\/yoast-seo-wordpress\/ -->\n<title>Rates - L&#039;Aventur\u00e8re<\/title>\n<meta name=\"description\" content=\"Discover our escort service rates in Quebec City. All Services, extras, and options explained. Discreet and transparent to your experience.\" \/>\n<meta name=\"robots\" content=\"index, follow, max-snippet:-1, max-image-preview:large, max-video-preview:-1\" \/>\n<link rel=\"canonical\" href=\"https:\/\/aventuriere.ca\/en\/rates\/\" \/>\n<meta property=\"og:locale\" content=\"en_US\" \/>\n<meta property=\"og:type\" content=\"article\" \/>\n<meta property=\"og:title\" content=\"Rates - L&#039;Aventur\u00e8re\" \/>\n<meta property=\"og:description\" content=\"Discover our escort service rates in Quebec City. All Services, extras, and options explained. Discreet and transparent to your experience.\" \/>\n<meta property=\"og:url\" content=\"https:\/\/aventuriere.ca\/en\/rates\/\" \/>\n<meta property=\"og:site_name\" content=\"L&#039;Aventur\u00e8re\" \/>\n<meta property=\"article:modified_time\" content=\"2025-06-23T17:42:37+00:00\" \/>\n<meta name=\"twitter:card\" content=\"summary_large_image\" \/>\n<script type=\"application\/ld+json\" class=\"yoast-schema-graph\">{\"@context\":\"https:\\\/\\\/schema.org\",\"@graph\":[{\"@type\":\"WebPage\",\"@id\":\"https:\\\/\\\/aventuriere.ca\\\/en\\\/rates\\\/\",\"url\":\"https:\\\/\\\/aventuriere.ca\\\/en\\\/rates\\\/\",\"name\":\"Rates - L&#039;Aventur\u00e8re\",\"isPartOf\":{\"@id\":\"https:\\\/\\\/aventuriere.ca\\\/en\\\/#website\"},\"datePublished\":\"2018-03-06T18:50:43+00:00\",\"dateModified\":\"2025-06-23T17:42:37+00:00\",\"description\":\"Discover our escort service rates in Quebec City. All Services, extras, and options explained. Discreet and transparent to your experience.\",\"inLanguage\":\"en-US\",\"potentialAction\":[{\"@type\":\"ReadAction\",\"target\":[\"https:\\\/\\\/aventuriere.ca\\\/en\\\/rates\\\/\"]}]},{\"@type\":\"WebSite\",\"@id\":\"https:\\\/\\\/aventuriere.ca\\\/en\\\/#website\",\"url\":\"https:\\\/\\\/aventuriere.ca\\\/en\\\/\",\"name\":\"L&#039;Aventur\u00e8re\",\"description\":\"Service d&#039;escorte \u00e0 Qu\u00e9bec\",\"potentialAction\":[{\"@type\":\"SearchAction\",\"target\":{\"@type\":\"EntryPoint\",\"urlTemplate\":\"https:\\\/\\\/aventuriere.ca\\\/en\\\/?s={search_term_string}\"},\"query-input\":{\"@type\":\"PropertyValueSpecification\",\"valueRequired\":true,\"valueName\":\"search_term_string\"}}],\"inLanguage\":\"en-US\"}]}<\/script>\n<!-- \/ Yoast SEO plugin. -->","yoast_head_json":{"title":"Rates - L&#039;Aventur\u00e8re","description":"Discover our escort service rates in Quebec City. All Services, extras, and options explained. Discreet and transparent to your experience.","robots":{"index":"index","follow":"follow","max-snippet":"max-snippet:-1","max-image-preview":"max-image-preview:large","max-video-preview":"max-video-preview:-1"},"canonical":"https:\/\/aventuriere.ca\/en\/rates\/","og_locale":"en_US","og_type":"article","og_title":"Rates - L&#039;Aventur\u00e8re","og_description":"Discover our escort service rates in Quebec City. All Services, extras, and options explained. Discreet and transparent to your experience.","og_url":"https:\/\/aventuriere.ca\/en\/rates\/","og_site_name":"L&#039;Aventur\u00e8re","article_modified_time":"2025-06-23T17:42:37+00:00","twitter_card":"summary_large_image","schema":{"@context":"https:\/\/schema.org","@graph":[{"@type":"WebPage","@id":"https:\/\/aventuriere.ca\/en\/rates\/","url":"https:\/\/aventuriere.ca\/en\/rates\/","name":"Rates - L&#039;Aventur\u00e8re","isPartOf":{"@id":"https:\/\/aventuriere.ca\/en\/#website"},"datePublished":"2018-03-06T18:50:43+00:00","dateModified":"2025-06-23T17:42:37+00:00","description":"Discover our escort service rates in Quebec City. All Services, extras, and options explained. Discreet and transparent to your experience.","inLanguage":"en-US","potentialAction":[{"@type":"ReadAction","target":["https:\/\/aventuriere.ca\/en\/rates\/"]}]},{"@type":"WebSite","@id":"https:\/\/aventuriere.ca\/en\/#website","url":"https:\/\/aventuriere.ca\/en\/","name":"L&#039;Aventur\u00e8re","description":"Service d&#039;escorte \u00e0 Qu\u00e9bec","potentialAction":[{"@type":"SearchAction","target":{"@type":"EntryPoint","urlTemplate":"https:\/\/aventuriere.ca\/en\/?s={search_term_string}"},"query-input":{"@type":"PropertyValueSpecification","valueRequired":true,"valueName":"search_term_string"}}],"inLanguage":"en-US"}]}},"_links":{"self":[{"href":"https:\/\/aventuriere.ca\/en\/wp-json\/wp\/v2\/pages\/367","targetHints":{"allow":["GET"]}}],"collection":[{"href":"https:\/\/aventuriere.ca\/en\/wp-json\/wp\/v2\/pages"}],"about":[{"href":"https:\/\/aventuriere.ca\/en\/wp-json\/wp\/v2\/types\/page"}],"author":[{"embeddable":true,"href":"https:\/\/aventuriere.ca\/en\/wp-json\/wp\/v2\/users\/1"}],"replies":[{"embeddable":true,"href":"https:\/\/aventuriere.ca\/en\/wp-json\/wp\/v2\/comments?post=367"}],"version-history":[{"count":17,"href":"https:\/\/aventuriere.ca\/en\/wp-json\/wp\/v2\/pages\/367\/revisions"}],"predecessor-version":[{"id":36220,"href":"https:\/\/aventuriere.ca\/en\/wp-json\/wp\/v2\/pages\/367\/revisions\/36220"}],"wp:attachment":[{"href":"https:\/\/aventuriere.ca\/en\/wp-json\/wp\/v2\/media?parent=367"}],"curies":[{"name":"wp","href":"https:\/\/api.w.org\/{rel}","templated":true}]}}