{"id":33076,"date":"2022-11-21T15:27:37","date_gmt":"2022-11-21T20:27:37","guid":{"rendered":"https:\/\/aventuriere.ca\/?page_id=18146"},"modified":"2022-11-21T15:27:37","modified_gmt":"2022-11-21T20:27:37","slug":"horaire-admin-56","status":"publish","type":"page","link":"https:\/\/aventuriere.ca\/en\/horaire-admin-56\/","title":{"rendered":"Horaire admin"},"content":{"rendered":"","protected":false},"excerpt":{"rendered":"","protected":false},"author":1,"featured_media":0,"parent":0,"menu_order":0,"comment_status":"closed","ping_status":"closed","template":"pages-templates\/horaire-admin.php","meta":{"_acf_changed":false,"footnotes":""},"class_list":["post-33076","page","type-page","status-publish","hentry"],"acf":[],"yoast_head":"<!-- This site is optimized with the Yoast SEO plugin v27.3 - https:\/\/yoast.com\/product\/yoast-seo-wordpress\/ -->\n<title>Horaire admin - L&#039;Aventur\u00e8re<\/title>\n<meta name=\"description\" content=\"L\u2019agence d\u2019escorte haut de gamme \u00e0 Qu\u00e9bec qui s\u2019engage \u00e0 vous offrir le meilleur service par les plus belles demoiselles en ville!\" \/>\n<meta name=\"robots\" content=\"index, follow, max-snippet:-1, max-image-preview:large, max-video-preview:-1\" \/>\n<link rel=\"canonical\" href=\"https:\/\/aventuriere.ca\/en\/horaire-admin-56\/\" \/>\n<meta property=\"og:locale\" content=\"en_US\" \/>\n<meta property=\"og:type\" content=\"article\" \/>\n<meta property=\"og:title\" content=\"Horaire admin - L&#039;Aventur\u00e8re\" \/>\n<meta property=\"og:description\" content=\"L\u2019agence d\u2019escorte haut de gamme \u00e0 Qu\u00e9bec qui s\u2019engage \u00e0 vous offrir le meilleur service par les plus belles demoiselles en ville!\" \/>\n<meta property=\"og:url\" content=\"https:\/\/aventuriere.ca\/en\/horaire-admin-56\/\" \/>\n<meta property=\"og:site_name\" content=\"L&#039;Aventur\u00e8re\" \/>\n<meta name=\"twitter:card\" content=\"summary_large_image\" \/>\n<script type=\"application\/ld+json\" class=\"yoast-schema-graph\">{\"@context\":\"https:\\\/\\\/schema.org\",\"@graph\":[{\"@type\":\"WebPage\",\"@id\":\"https:\\\/\\\/aventuriere.ca\\\/en\\\/horaire-admin-56\\\/\",\"url\":\"https:\\\/\\\/aventuriere.ca\\\/en\\\/horaire-admin-56\\\/\",\"name\":\"Horaire admin - L&#039;Aventur\u00e8re\",\"isPartOf\":{\"@id\":\"https:\\\/\\\/aventuriere.ca\\\/en\\\/#website\"},\"datePublished\":\"2022-11-21T20:27:37+00:00\",\"description\":\"L\u2019agence d\u2019escorte haut de gamme \u00e0 Qu\u00e9bec qui s\u2019engage \u00e0 vous offrir le meilleur service par les plus belles demoiselles en ville!\",\"inLanguage\":\"en-US\",\"potentialAction\":[{\"@type\":\"ReadAction\",\"target\":[\"https:\\\/\\\/aventuriere.ca\\\/en\\\/horaire-admin-56\\\/\"]}]},{\"@type\":\"WebSite\",\"@id\":\"https:\\\/\\\/aventuriere.ca\\\/en\\\/#website\",\"url\":\"https:\\\/\\\/aventuriere.ca\\\/en\\\/\",\"name\":\"L&#039;Aventur\u00e8re\",\"description\":\"Service d&#039;escorte \u00e0 Qu\u00e9bec\",\"potentialAction\":[{\"@type\":\"SearchAction\",\"target\":{\"@type\":\"EntryPoint\",\"urlTemplate\":\"https:\\\/\\\/aventuriere.ca\\\/en\\\/?s={search_term_string}\"},\"query-input\":{\"@type\":\"PropertyValueSpecification\",\"valueRequired\":true,\"valueName\":\"search_term_string\"}}],\"inLanguage\":\"en-US\"}]}<\/script>\n<!-- \/ Yoast SEO plugin. -->","yoast_head_json":{"title":"Horaire admin - L&#039;Aventur\u00e8re","description":"L\u2019agence d\u2019escorte haut de gamme \u00e0 Qu\u00e9bec qui s\u2019engage \u00e0 vous offrir le meilleur service par les plus belles demoiselles en ville!","robots":{"index":"index","follow":"follow","max-snippet":"max-snippet:-1","max-image-preview":"max-image-preview:large","max-video-preview":"max-video-preview:-1"},"canonical":"https:\/\/aventuriere.ca\/en\/horaire-admin-56\/","og_locale":"en_US","og_type":"article","og_title":"Horaire admin - L&#039;Aventur\u00e8re","og_description":"L\u2019agence d\u2019escorte haut de gamme \u00e0 Qu\u00e9bec qui s\u2019engage \u00e0 vous offrir le meilleur service par les plus belles demoiselles en ville!","og_url":"https:\/\/aventuriere.ca\/en\/horaire-admin-56\/","og_site_name":"L&#039;Aventur\u00e8re","twitter_card":"summary_large_image","schema":{"@context":"https:\/\/schema.org","@graph":[{"@type":"WebPage","@id":"https:\/\/aventuriere.ca\/en\/horaire-admin-56\/","url":"https:\/\/aventuriere.ca\/en\/horaire-admin-56\/","name":"Horaire admin - L&#039;Aventur\u00e8re","isPartOf":{"@id":"https:\/\/aventuriere.ca\/en\/#website"},"datePublished":"2022-11-21T20:27:37+00:00","description":"L\u2019agence d\u2019escorte haut de gamme \u00e0 Qu\u00e9bec qui s\u2019engage \u00e0 vous offrir le meilleur service par les plus belles demoiselles en ville!","inLanguage":"en-US","potentialAction":[{"@type":"ReadAction","target":["https:\/\/aventuriere.ca\/en\/horaire-admin-56\/"]}]},{"@type":"WebSite","@id":"https:\/\/aventuriere.ca\/en\/#website","url":"https:\/\/aventuriere.ca\/en\/","name":"L&#039;Aventur\u00e8re","description":"Service d&#039;escorte \u00e0 Qu\u00e9bec","potentialAction":[{"@type":"SearchAction","target":{"@type":"EntryPoint","urlTemplate":"https:\/\/aventuriere.ca\/en\/?s={search_term_string}"},"query-input":{"@type":"PropertyValueSpecification","valueRequired":true,"valueName":"search_term_string"}}],"inLanguage":"en-US"}]}},"_links":{"self":[{"href":"https:\/\/aventuriere.ca\/en\/wp-json\/wp\/v2\/pages\/33076","targetHints":{"allow":["GET"]}}],"collection":[{"href":"https:\/\/aventuriere.ca\/en\/wp-json\/wp\/v2\/pages"}],"about":[{"href":"https:\/\/aventuriere.ca\/en\/wp-json\/wp\/v2\/types\/page"}],"author":[{"embeddable":true,"href":"https:\/\/aventuriere.ca\/en\/wp-json\/wp\/v2\/users\/1"}],"replies":[{"embeddable":true,"href":"https:\/\/aventuriere.ca\/en\/wp-json\/wp\/v2\/comments?post=33076"}],"version-history":[{"count":0,"href":"https:\/\/aventuriere.ca\/en\/wp-json\/wp\/v2\/pages\/33076\/revisions"}],"wp:attachment":[{"href":"https:\/\/aventuriere.ca\/en\/wp-json\/wp\/v2\/media?parent=33076"}],"curies":[{"name":"wp","href":"https:\/\/api.w.org\/{rel}","templated":true}]}}