{"id":19635,"date":"2018-08-15T15:44:44","date_gmt":"2018-08-15T19:44:44","guid":{"rendered":"https:\/\/aventuriere.ca\/admin\/"},"modified":"2025-06-16T12:03:06","modified_gmt":"2025-06-16T16:03:06","slug":"admin","status":"publish","type":"page","link":"https:\/\/aventuriere.ca\/en\/admin\/","title":{"rendered":"Admin"},"content":{"rendered":"","protected":false},"excerpt":{"rendered":"","protected":false},"author":1,"featured_media":0,"parent":0,"menu_order":0,"comment_status":"closed","ping_status":"closed","template":"pages-templates\/admin.php","meta":{"_acf_changed":false,"footnotes":""},"class_list":["post-19635","page","type-page","status-publish","hentry"],"acf":[],"yoast_head":"<!-- This site is optimized with the Yoast SEO plugin v27.4 - https:\/\/yoast.com\/product\/yoast-seo-wordpress\/ -->\n<title>Admin - L&#039;Aventur\u00e8re<\/title>\n<meta name=\"description\" content=\"L\u2019agence d\u2019escorte haut de gamme \u00e0 Qu\u00e9bec qui s\u2019engage \u00e0 vous offrir le meilleur service par les plus belles demoiselles en ville!\" \/>\n<meta name=\"robots\" content=\"noindex, follow\" \/>\n<meta property=\"og:locale\" content=\"en_US\" \/>\n<meta property=\"og:type\" content=\"article\" \/>\n<meta property=\"og:title\" content=\"Admin - L&#039;Aventur\u00e8re\" \/>\n<meta property=\"og:description\" content=\"L\u2019agence d\u2019escorte haut de gamme \u00e0 Qu\u00e9bec qui s\u2019engage \u00e0 vous offrir le meilleur service par les plus belles demoiselles en ville!\" \/>\n<meta property=\"og:url\" content=\"https:\/\/aventuriere.ca\/en\/admin\/\" \/>\n<meta property=\"og:site_name\" content=\"L&#039;Aventur\u00e8re\" \/>\n<meta property=\"article:modified_time\" content=\"2025-06-16T16:03:06+00:00\" \/>\n<meta name=\"twitter:card\" content=\"summary_large_image\" \/>\n<script type=\"application\/ld+json\" class=\"yoast-schema-graph\">{\"@context\":\"https:\\\/\\\/schema.org\",\"@graph\":[{\"@type\":\"WebPage\",\"@id\":\"https:\\\/\\\/aventuriere.ca\\\/en\\\/admin\\\/\",\"url\":\"https:\\\/\\\/aventuriere.ca\\\/en\\\/admin\\\/\",\"name\":\"Admin - L&#039;Aventur\u00e8re\",\"isPartOf\":{\"@id\":\"https:\\\/\\\/aventuriere.ca\\\/en\\\/#website\"},\"datePublished\":\"2018-08-15T19:44:44+00:00\",\"dateModified\":\"2025-06-16T16:03:06+00:00\",\"description\":\"L\u2019agence d\u2019escorte haut de gamme \u00e0 Qu\u00e9bec qui s\u2019engage \u00e0 vous offrir le meilleur service par les plus belles demoiselles en ville!\",\"inLanguage\":\"en-US\",\"potentialAction\":[{\"@type\":\"ReadAction\",\"target\":[\"https:\\\/\\\/aventuriere.ca\\\/en\\\/admin\\\/\"]}]},{\"@type\":\"WebSite\",\"@id\":\"https:\\\/\\\/aventuriere.ca\\\/en\\\/#website\",\"url\":\"https:\\\/\\\/aventuriere.ca\\\/en\\\/\",\"name\":\"L&#039;Aventur\u00e8re\",\"description\":\"Service d&#039;escorte \u00e0 Qu\u00e9bec\",\"potentialAction\":[{\"@type\":\"SearchAction\",\"target\":{\"@type\":\"EntryPoint\",\"urlTemplate\":\"https:\\\/\\\/aventuriere.ca\\\/en\\\/?s={search_term_string}\"},\"query-input\":{\"@type\":\"PropertyValueSpecification\",\"valueRequired\":true,\"valueName\":\"search_term_string\"}}],\"inLanguage\":\"en-US\"}]}<\/script>\n<!-- \/ Yoast SEO plugin. -->","yoast_head_json":{"title":"Admin - L&#039;Aventur\u00e8re","description":"L\u2019agence d\u2019escorte haut de gamme \u00e0 Qu\u00e9bec qui s\u2019engage \u00e0 vous offrir le meilleur service par les plus belles demoiselles en ville!","robots":{"index":"noindex","follow":"follow"},"og_locale":"en_US","og_type":"article","og_title":"Admin - L&#039;Aventur\u00e8re","og_description":"L\u2019agence d\u2019escorte haut de gamme \u00e0 Qu\u00e9bec qui s\u2019engage \u00e0 vous offrir le meilleur service par les plus belles demoiselles en ville!","og_url":"https:\/\/aventuriere.ca\/en\/admin\/","og_site_name":"L&#039;Aventur\u00e8re","article_modified_time":"2025-06-16T16:03:06+00:00","twitter_card":"summary_large_image","schema":{"@context":"https:\/\/schema.org","@graph":[{"@type":"WebPage","@id":"https:\/\/aventuriere.ca\/en\/admin\/","url":"https:\/\/aventuriere.ca\/en\/admin\/","name":"Admin - L&#039;Aventur\u00e8re","isPartOf":{"@id":"https:\/\/aventuriere.ca\/en\/#website"},"datePublished":"2018-08-15T19:44:44+00:00","dateModified":"2025-06-16T16:03:06+00:00","description":"L\u2019agence d\u2019escorte haut de gamme \u00e0 Qu\u00e9bec qui s\u2019engage \u00e0 vous offrir le meilleur service par les plus belles demoiselles en ville!","inLanguage":"en-US","potentialAction":[{"@type":"ReadAction","target":["https:\/\/aventuriere.ca\/en\/admin\/"]}]},{"@type":"WebSite","@id":"https:\/\/aventuriere.ca\/en\/#website","url":"https:\/\/aventuriere.ca\/en\/","name":"L&#039;Aventur\u00e8re","description":"Service d&#039;escorte \u00e0 Qu\u00e9bec","potentialAction":[{"@type":"SearchAction","target":{"@type":"EntryPoint","urlTemplate":"https:\/\/aventuriere.ca\/en\/?s={search_term_string}"},"query-input":{"@type":"PropertyValueSpecification","valueRequired":true,"valueName":"search_term_string"}}],"inLanguage":"en-US"}]}},"_links":{"self":[{"href":"https:\/\/aventuriere.ca\/en\/wp-json\/wp\/v2\/pages\/19635","targetHints":{"allow":["GET"]}}],"collection":[{"href":"https:\/\/aventuriere.ca\/en\/wp-json\/wp\/v2\/pages"}],"about":[{"href":"https:\/\/aventuriere.ca\/en\/wp-json\/wp\/v2\/types\/page"}],"author":[{"embeddable":true,"href":"https:\/\/aventuriere.ca\/en\/wp-json\/wp\/v2\/users\/1"}],"replies":[{"embeddable":true,"href":"https:\/\/aventuriere.ca\/en\/wp-json\/wp\/v2\/comments?post=19635"}],"version-history":[{"count":1,"href":"https:\/\/aventuriere.ca\/en\/wp-json\/wp\/v2\/pages\/19635\/revisions"}],"predecessor-version":[{"id":35776,"href":"https:\/\/aventuriere.ca\/en\/wp-json\/wp\/v2\/pages\/19635\/revisions\/35776"}],"wp:attachment":[{"href":"https:\/\/aventuriere.ca\/en\/wp-json\/wp\/v2\/media?parent=19635"}],"curies":[{"name":"wp","href":"https:\/\/api.w.org\/{rel}","templated":true}]}}