{"id":18730,"date":"2018-03-06T20:44:07","date_gmt":"2018-03-06T19:44:07","guid":{"rendered":"https:\/\/aventuriere.ca\/accueil\/"},"modified":"2025-07-10T11:11:28","modified_gmt":"2025-07-10T15:11:28","slug":"home","status":"publish","type":"page","link":"https:\/\/aventuriere.ca\/en\/","title":{"rendered":"Home"},"content":{"rendered":"","protected":false},"excerpt":{"rendered":"","protected":false},"author":1,"featured_media":35006,"parent":0,"menu_order":0,"comment_status":"closed","ping_status":"closed","template":"","meta":{"_acf_changed":false,"footnotes":""},"class_list":["post-18730","page","type-page","status-publish","has-post-thumbnail","hentry"],"acf":[],"yoast_head":"<!-- This site is optimized with the Yoast SEO plugin v27.4 - https:\/\/yoast.com\/product\/yoast-seo-wordpress\/ -->\n<title>Elite Escort Services in Quebec City \u2013 Discreet, Refined, 24\/7<\/title>\n<meta name=\"description\" content=\"Experience elite escort services in Quebec City. L\u2019Aventuri\u00e8re offers sensual, discreet and professional encounters, 24\/7.\" \/>\n<meta name=\"robots\" content=\"index, follow, max-snippet:-1, max-image-preview:large, max-video-preview:-1\" \/>\n<link rel=\"canonical\" href=\"https:\/\/aventuriere.ca\/en\/\" \/>\n<meta property=\"og:locale\" content=\"en_US\" \/>\n<meta property=\"og:type\" content=\"article\" \/>\n<meta property=\"og:title\" content=\"Quebec City Escorts Services - Adventuress\" \/>\n<meta property=\"og:description\" content=\"Escort Quebec Adventuress | Quebec City | #1 High-end agency\" \/>\n<meta property=\"og:url\" content=\"https:\/\/aventuriere.ca\/en\/\" \/>\n<meta property=\"og:site_name\" content=\"L&#039;Aventur\u00e8re\" \/>\n<meta property=\"article:modified_time\" content=\"2025-07-10T15:11:28+00:00\" \/>\n<meta property=\"og:image\" content=\"https:\/\/aventuriere.ca\/wp-content\/uploads\/2024\/10\/aventuriere-logo-noir.png\" \/>\n\t<meta property=\"og:image:width\" content=\"1200\" \/>\n\t<meta property=\"og:image:height\" content=\"794\" \/>\n\t<meta property=\"og:image:type\" content=\"image\/png\" \/>\n<meta name=\"twitter:card\" content=\"summary_large_image\" \/>\n<meta name=\"twitter:label1\" content=\"Est. reading time\" \/>\n\t<meta name=\"twitter:data1\" content=\"1 minute\" \/>\n<script type=\"application\/ld+json\" class=\"yoast-schema-graph\">{\"@context\":\"https:\\\/\\\/schema.org\",\"@graph\":[{\"@type\":\"WebPage\",\"@id\":\"https:\\\/\\\/aventuriere.ca\\\/en\\\/\",\"url\":\"https:\\\/\\\/aventuriere.ca\\\/en\\\/\",\"name\":\"Elite Escort Services in Quebec City \u2013 Discreet, Refined, 24\\\/7\",\"isPartOf\":{\"@id\":\"https:\\\/\\\/aventuriere.ca\\\/en\\\/#website\"},\"primaryImageOfPage\":{\"@id\":\"https:\\\/\\\/aventuriere.ca\\\/en\\\/#primaryimage\"},\"image\":{\"@id\":\"https:\\\/\\\/aventuriere.ca\\\/en\\\/#primaryimage\"},\"thumbnailUrl\":\"https:\\\/\\\/aventuriere.ca\\\/wp-content\\\/uploads\\\/2024\\\/10\\\/aventuriere-logo-noir.png\",\"datePublished\":\"2018-03-06T19:44:07+00:00\",\"dateModified\":\"2025-07-10T15:11:28+00:00\",\"description\":\"Experience elite escort services in Quebec City. L\u2019Aventuri\u00e8re offers sensual, discreet and professional encounters, 24\\\/7.\",\"inLanguage\":\"en-US\",\"potentialAction\":[{\"@type\":\"ReadAction\",\"target\":[\"https:\\\/\\\/aventuriere.ca\\\/en\\\/\"]}]},{\"@type\":\"ImageObject\",\"inLanguage\":\"en-US\",\"@id\":\"https:\\\/\\\/aventuriere.ca\\\/en\\\/#primaryimage\",\"url\":\"https:\\\/\\\/aventuriere.ca\\\/wp-content\\\/uploads\\\/2024\\\/10\\\/aventuriere-logo-noir.png\",\"contentUrl\":\"https:\\\/\\\/aventuriere.ca\\\/wp-content\\\/uploads\\\/2024\\\/10\\\/aventuriere-logo-noir.png\",\"width\":1200,\"height\":794,\"caption\":\"Aventuriere Logo Noir\"},{\"@type\":\"WebSite\",\"@id\":\"https:\\\/\\\/aventuriere.ca\\\/en\\\/#website\",\"url\":\"https:\\\/\\\/aventuriere.ca\\\/en\\\/\",\"name\":\"L&#039;Aventur\u00e8re\",\"description\":\"Service d&#039;escorte \u00e0 Qu\u00e9bec\",\"potentialAction\":[{\"@type\":\"SearchAction\",\"target\":{\"@type\":\"EntryPoint\",\"urlTemplate\":\"https:\\\/\\\/aventuriere.ca\\\/en\\\/?s={search_term_string}\"},\"query-input\":{\"@type\":\"PropertyValueSpecification\",\"valueRequired\":true,\"valueName\":\"search_term_string\"}}],\"inLanguage\":\"en-US\"}]}<\/script>\n<!-- \/ Yoast SEO plugin. -->","yoast_head_json":{"title":"Elite Escort Services in Quebec City \u2013 Discreet, Refined, 24\/7","description":"Experience elite escort services in Quebec City. L\u2019Aventuri\u00e8re offers sensual, discreet and professional encounters, 24\/7.","robots":{"index":"index","follow":"follow","max-snippet":"max-snippet:-1","max-image-preview":"max-image-preview:large","max-video-preview":"max-video-preview:-1"},"canonical":"https:\/\/aventuriere.ca\/en\/","og_locale":"en_US","og_type":"article","og_title":"Quebec City Escorts Services - Adventuress","og_description":"Escort Quebec Adventuress | Quebec City | #1 High-end agency","og_url":"https:\/\/aventuriere.ca\/en\/","og_site_name":"L&#039;Aventur\u00e8re","article_modified_time":"2025-07-10T15:11:28+00:00","og_image":[{"width":1200,"height":794,"url":"https:\/\/aventuriere.ca\/wp-content\/uploads\/2024\/10\/aventuriere-logo-noir.png","type":"image\/png"}],"twitter_card":"summary_large_image","twitter_misc":{"Est. reading time":"1 minute"},"schema":{"@context":"https:\/\/schema.org","@graph":[{"@type":"WebPage","@id":"https:\/\/aventuriere.ca\/en\/","url":"https:\/\/aventuriere.ca\/en\/","name":"Elite Escort Services in Quebec City \u2013 Discreet, Refined, 24\/7","isPartOf":{"@id":"https:\/\/aventuriere.ca\/en\/#website"},"primaryImageOfPage":{"@id":"https:\/\/aventuriere.ca\/en\/#primaryimage"},"image":{"@id":"https:\/\/aventuriere.ca\/en\/#primaryimage"},"thumbnailUrl":"https:\/\/aventuriere.ca\/wp-content\/uploads\/2024\/10\/aventuriere-logo-noir.png","datePublished":"2018-03-06T19:44:07+00:00","dateModified":"2025-07-10T15:11:28+00:00","description":"Experience elite escort services in Quebec City. L\u2019Aventuri\u00e8re offers sensual, discreet and professional encounters, 24\/7.","inLanguage":"en-US","potentialAction":[{"@type":"ReadAction","target":["https:\/\/aventuriere.ca\/en\/"]}]},{"@type":"ImageObject","inLanguage":"en-US","@id":"https:\/\/aventuriere.ca\/en\/#primaryimage","url":"https:\/\/aventuriere.ca\/wp-content\/uploads\/2024\/10\/aventuriere-logo-noir.png","contentUrl":"https:\/\/aventuriere.ca\/wp-content\/uploads\/2024\/10\/aventuriere-logo-noir.png","width":1200,"height":794,"caption":"Aventuriere Logo Noir"},{"@type":"WebSite","@id":"https:\/\/aventuriere.ca\/en\/#website","url":"https:\/\/aventuriere.ca\/en\/","name":"L&#039;Aventur\u00e8re","description":"Service d&#039;escorte \u00e0 Qu\u00e9bec","potentialAction":[{"@type":"SearchAction","target":{"@type":"EntryPoint","urlTemplate":"https:\/\/aventuriere.ca\/en\/?s={search_term_string}"},"query-input":{"@type":"PropertyValueSpecification","valueRequired":true,"valueName":"search_term_string"}}],"inLanguage":"en-US"}]}},"_links":{"self":[{"href":"https:\/\/aventuriere.ca\/en\/wp-json\/wp\/v2\/pages\/18730","targetHints":{"allow":["GET"]}}],"collection":[{"href":"https:\/\/aventuriere.ca\/en\/wp-json\/wp\/v2\/pages"}],"about":[{"href":"https:\/\/aventuriere.ca\/en\/wp-json\/wp\/v2\/types\/page"}],"author":[{"embeddable":true,"href":"https:\/\/aventuriere.ca\/en\/wp-json\/wp\/v2\/users\/1"}],"replies":[{"embeddable":true,"href":"https:\/\/aventuriere.ca\/en\/wp-json\/wp\/v2\/comments?post=18730"}],"version-history":[{"count":38,"href":"https:\/\/aventuriere.ca\/en\/wp-json\/wp\/v2\/pages\/18730\/revisions"}],"predecessor-version":[{"id":37260,"href":"https:\/\/aventuriere.ca\/en\/wp-json\/wp\/v2\/pages\/18730\/revisions\/37260"}],"wp:featuredmedia":[{"embeddable":true,"href":"https:\/\/aventuriere.ca\/en\/wp-json\/wp\/v2\/media\/35006"}],"wp:attachment":[{"href":"https:\/\/aventuriere.ca\/en\/wp-json\/wp\/v2\/media?parent=18730"}],"curies":[{"name":"wp","href":"https:\/\/api.w.org\/{rel}","templated":true}]}}