{"id":1682,"date":"2019-03-17T04:40:36","date_gmt":"2019-03-17T08:40:36","guid":{"rendered":"https:\/\/aventuriere.ca\/?page_id=1682"},"modified":"2023-01-05T20:13:54","modified_gmt":"2023-01-06T01:13:54","slug":"comments","status":"publish","type":"page","link":"https:\/\/aventuriere.ca\/en\/comments\/","title":{"rendered":"Comments"},"content":{"rendered":"","protected":false},"excerpt":{"rendered":"","protected":false},"author":1,"featured_media":0,"parent":0,"menu_order":0,"comment_status":"closed","ping_status":"closed","template":"pages-templates\/commentaires.php","meta":{"_acf_changed":false,"footnotes":""},"class_list":["post-1682","page","type-page","status-publish","hentry"],"acf":[],"yoast_head":"<!-- This site is optimized with the Yoast SEO plugin v27.4 - https:\/\/yoast.com\/product\/yoast-seo-wordpress\/ -->\n<title>Comments - L&#039;Aventur\u00e8re<\/title>\n<meta name=\"description\" content=\"L\u2019agence d\u2019escorte haut de gamme \u00e0 Qu\u00e9bec qui s\u2019engage \u00e0 vous offrir le meilleur service par les plus belles demoiselles en ville!\" \/>\n<meta name=\"robots\" content=\"index, follow, max-snippet:-1, max-image-preview:large, max-video-preview:-1\" \/>\n<link rel=\"canonical\" href=\"https:\/\/aventuriere.ca\/en\/comments\/\" \/>\n<meta property=\"og:locale\" content=\"en_US\" \/>\n<meta property=\"og:type\" content=\"article\" \/>\n<meta property=\"og:title\" content=\"Comments - L&#039;Aventur\u00e8re\" \/>\n<meta property=\"og:description\" content=\"L\u2019agence d\u2019escorte haut de gamme \u00e0 Qu\u00e9bec qui s\u2019engage \u00e0 vous offrir le meilleur service par les plus belles demoiselles en ville!\" \/>\n<meta property=\"og:url\" content=\"https:\/\/aventuriere.ca\/en\/comments\/\" \/>\n<meta property=\"og:site_name\" content=\"L&#039;Aventur\u00e8re\" \/>\n<meta property=\"article:modified_time\" content=\"2023-01-06T01:13:54+00:00\" \/>\n<meta name=\"twitter:card\" content=\"summary_large_image\" \/>\n<script type=\"application\/ld+json\" class=\"yoast-schema-graph\">{\"@context\":\"https:\\\/\\\/schema.org\",\"@graph\":[{\"@type\":\"WebPage\",\"@id\":\"https:\\\/\\\/aventuriere.ca\\\/en\\\/comments\\\/\",\"url\":\"https:\\\/\\\/aventuriere.ca\\\/en\\\/comments\\\/\",\"name\":\"Comments - L&#039;Aventur\u00e8re\",\"isPartOf\":{\"@id\":\"https:\\\/\\\/aventuriere.ca\\\/en\\\/#website\"},\"datePublished\":\"2019-03-17T08:40:36+00:00\",\"dateModified\":\"2023-01-06T01:13:54+00:00\",\"description\":\"L\u2019agence d\u2019escorte haut de gamme \u00e0 Qu\u00e9bec qui s\u2019engage \u00e0 vous offrir le meilleur service par les plus belles demoiselles en ville!\",\"inLanguage\":\"en-US\",\"potentialAction\":[{\"@type\":\"ReadAction\",\"target\":[\"https:\\\/\\\/aventuriere.ca\\\/en\\\/comments\\\/\"]}]},{\"@type\":\"WebSite\",\"@id\":\"https:\\\/\\\/aventuriere.ca\\\/en\\\/#website\",\"url\":\"https:\\\/\\\/aventuriere.ca\\\/en\\\/\",\"name\":\"L&#039;Aventur\u00e8re\",\"description\":\"Service d&#039;escorte \u00e0 Qu\u00e9bec\",\"potentialAction\":[{\"@type\":\"SearchAction\",\"target\":{\"@type\":\"EntryPoint\",\"urlTemplate\":\"https:\\\/\\\/aventuriere.ca\\\/en\\\/?s={search_term_string}\"},\"query-input\":{\"@type\":\"PropertyValueSpecification\",\"valueRequired\":true,\"valueName\":\"search_term_string\"}}],\"inLanguage\":\"en-US\"}]}<\/script>\n<!-- \/ Yoast SEO plugin. -->","yoast_head_json":{"title":"Comments - L&#039;Aventur\u00e8re","description":"L\u2019agence d\u2019escorte haut de gamme \u00e0 Qu\u00e9bec qui s\u2019engage \u00e0 vous offrir le meilleur service par les plus belles demoiselles en ville!","robots":{"index":"index","follow":"follow","max-snippet":"max-snippet:-1","max-image-preview":"max-image-preview:large","max-video-preview":"max-video-preview:-1"},"canonical":"https:\/\/aventuriere.ca\/en\/comments\/","og_locale":"en_US","og_type":"article","og_title":"Comments - L&#039;Aventur\u00e8re","og_description":"L\u2019agence d\u2019escorte haut de gamme \u00e0 Qu\u00e9bec qui s\u2019engage \u00e0 vous offrir le meilleur service par les plus belles demoiselles en ville!","og_url":"https:\/\/aventuriere.ca\/en\/comments\/","og_site_name":"L&#039;Aventur\u00e8re","article_modified_time":"2023-01-06T01:13:54+00:00","twitter_card":"summary_large_image","schema":{"@context":"https:\/\/schema.org","@graph":[{"@type":"WebPage","@id":"https:\/\/aventuriere.ca\/en\/comments\/","url":"https:\/\/aventuriere.ca\/en\/comments\/","name":"Comments - L&#039;Aventur\u00e8re","isPartOf":{"@id":"https:\/\/aventuriere.ca\/en\/#website"},"datePublished":"2019-03-17T08:40:36+00:00","dateModified":"2023-01-06T01:13:54+00:00","description":"L\u2019agence d\u2019escorte haut de gamme \u00e0 Qu\u00e9bec qui s\u2019engage \u00e0 vous offrir le meilleur service par les plus belles demoiselles en ville!","inLanguage":"en-US","potentialAction":[{"@type":"ReadAction","target":["https:\/\/aventuriere.ca\/en\/comments\/"]}]},{"@type":"WebSite","@id":"https:\/\/aventuriere.ca\/en\/#website","url":"https:\/\/aventuriere.ca\/en\/","name":"L&#039;Aventur\u00e8re","description":"Service d&#039;escorte \u00e0 Qu\u00e9bec","potentialAction":[{"@type":"SearchAction","target":{"@type":"EntryPoint","urlTemplate":"https:\/\/aventuriere.ca\/en\/?s={search_term_string}"},"query-input":{"@type":"PropertyValueSpecification","valueRequired":true,"valueName":"search_term_string"}}],"inLanguage":"en-US"}]}},"_links":{"self":[{"href":"https:\/\/aventuriere.ca\/en\/wp-json\/wp\/v2\/pages\/1682","targetHints":{"allow":["GET"]}}],"collection":[{"href":"https:\/\/aventuriere.ca\/en\/wp-json\/wp\/v2\/pages"}],"about":[{"href":"https:\/\/aventuriere.ca\/en\/wp-json\/wp\/v2\/types\/page"}],"author":[{"embeddable":true,"href":"https:\/\/aventuriere.ca\/en\/wp-json\/wp\/v2\/users\/1"}],"replies":[{"embeddable":true,"href":"https:\/\/aventuriere.ca\/en\/wp-json\/wp\/v2\/comments?post=1682"}],"version-history":[{"count":5,"href":"https:\/\/aventuriere.ca\/en\/wp-json\/wp\/v2\/pages\/1682\/revisions"}],"predecessor-version":[{"id":32608,"href":"https:\/\/aventuriere.ca\/en\/wp-json\/wp\/v2\/pages\/1682\/revisions\/32608"}],"wp:attachment":[{"href":"https:\/\/aventuriere.ca\/en\/wp-json\/wp\/v2\/media?parent=1682"}],"curies":[{"name":"wp","href":"https:\/\/api.w.org\/{rel}","templated":true}]}}